{"id":7,"date":"2023-11-28T18:24:07","date_gmt":"2023-11-28T17:24:07","guid":{"rendered":"http:\/\/loubarts.com\/index.php\/mesmerize\/"},"modified":"2025-10-30T18:45:11","modified_gmt":"2025-10-30T17:45:11","slug":"mesmerize","status":"publish","type":"page","link":"https:\/\/loubarts.com\/","title":{"rendered":"Loub&#8217;Arts"},"content":{"rendered":"<div  data-label=\"About\" data-id=\"about--1\" data-export-id=\"about-1\" data-category=\"about\" class=\"about-1 content-section\" id=\"about-1\" style=\"background-color: rgb(245, 250, 253);\"><div  class=\"gridContainer\"> <div  class=\"row text-center\"><div  class=\"section-title-col\" data-type=\"column\"> <h2  class=\"\">Bienvenue chez les Loub\u2019Arts !<\/h2><img  decoding=\"async\" class=\"custom-image\" src=\"http:\/\/loubarts.com\/wp-content\/uploads\/2025\/10\/cropped-AFFICHE-LOUBARTS-2025-2026.png\" title=\"cropped-AFFICHE-LOUBARTS-2025-2026.png\" alt=\"\">  <p  class=\"lead\">\n<br ><br >Depuis 1994, les Loub\u2019Arts illuminent la sc\u00e8ne artistique avec leur \u00e9nergie cr\u00e9ative et leur engagement passionn\u00e9.<br ><br >Fond\u00e9s il y a plus de deux d\u00e9cennies, les Loub\u2019Arts sont n\u00e9s de la passion partag\u00e9e pour l\u2019art sous toutes ses formes. De la musique \u00e0 la com\u00e9die, notre troupe a \u00e9volu\u00e9 pour continuer \u00e0 vous faire rire au long des ann\u00e9es.<br ><br >Notre Mission : stimuler l\u2019imagination, susciter l\u2019\u00e9motion et inspirer l\u2019\u00e9merveillement.\n<br ><br >Que ce soit \u00e0 travers la musique, la danse, le th\u00e9\u00e2tre ou d\u2019autres formes d\u2019expression artistique, les Loub\u2019Arts c\u00e9l\u00e8brent la diversit\u00e9 qui fait de chaque spectacle une exp\u00e9rience inoubliable.<br ><br >Venez d\u00e9couvrir notre univers artistique&nbsp;<\/p><\/div> <\/div> <div  class=\"row\"> <div  class=\"button-holder space-bottom space-bottom-small\" data-type=\"column\"> <a  class=\"button color1\" href=\"#overlappable-1\" target=\"_self\" data-cp-link=\"1\" rel=\"noopener\">RESERVEZ MAINTENANT<\/a><\/div> <div  class=\"col-xs bottom-xs flexbox image-group-bottom-3-img space-bottom-xs center-xs\"> <img  decoding=\"async\" class=\"left-img shadow-large-black\" data-size=\"500x300\" src=\"http:\/\/loubarts.com\/wp-content\/uploads\/2025\/10\/cropped-IMG_4218-2-scaled-1.jpg\" title=\"IMG_4218 (2)\" alt=\"\"> <img  decoding=\"async\" class=\"center-img shadow-large-black\" data-size=\"500x300\" src=\"http:\/\/loubarts.com\/wp-content\/uploads\/2025\/10\/cropped-IMG_4109-scaled-1.jpg\" title=\"IMG_4109\" alt=\"\"> <img  decoding=\"async\" class=\"right-img shadow-large-black\" data-size=\"500x300\" src=\"http:\/\/loubarts.com\/wp-content\/uploads\/2024\/01\/cropped-Capture-d_ecran-2023-03-14-132748.png\" title=\"cropped-Capture-d_ecran-2023-03-14-132748.png\" alt=\"\"><\/div> <\/div><\/div> <\/div><div  data-label=\"Overlappable\" data-id=\"overlappable--1\" data-export-id=\"overlappable-4-mc\" data-category=\"overlappable\" class=\"overlappable-4-mc content-section content-section-spacing\" data-overlap=\"true\" id=\"overlappable-1\" style=\"background-color: rgb(255, 255, 255);\"><div  class=\"gridContainer\"> <div  data-type=\"row\" class=\"row spaced-cols text-center content-center-sm center-sm\">  <div  class=\"col-xs-12 col-sm-4 col-padding\"> <i  class=\"fa icon shadow-large-black aligncenter color1 fa-calendar reverse round large\"><\/i> <div  data-type=\"column\" class=\"\"> <h5  class=\"font-400\">31 Janvier 2026<\/h5> <p  class=\"\">Samedi \u2013 20h30<\/p><a  class=\"button blue\" href=\"https:\/\/www.helloasso.com\/associations\/comite-des-fetes-de-loublande\/evenements\/spectacle-loub-arts-samedi-31-janvier-2026\" target=\"_blank\" data-cp-link=\"1\" rel=\"noopener\">Reserver<\/a><\/div> <\/div><div  class=\"col-xs-12 col-sm-4 col-padding\"> <i  class=\"fa icon shadow-large-black aligncenter color1 fa-calendar reverse round large\"><\/i> <div  data-type=\"column\" class=\"\"> <h5  class=\"font-400\">1 Fevrier 2026<\/h5> <p  class=\"\">Dimanche \u2013 14h30<\/p><a  class=\"button blue\" href=\"https:\/\/www.helloasso.com\/associations\/comite-des-fetes-de-loublande\/evenements\/spectacle-loub-arts-vendredi-1-fevrier-2026\" target=\"_blank\" data-cp-link=\"1\" rel=\"noopener\">Reserver<\/a><\/div> <\/div><div  class=\"col-xs-12 col-sm-4 col-padding\"> <i  class=\"fa icon shadow-large-black aligncenter color1 fa-calendar reverse round large\"><\/i> <div  data-type=\"column\" class=\"\"> <h5  class=\"font-400\">6 F\u00e9vrier 2026<\/h5> <p  class=\"\">Vendredi \u2013 20h30<\/p><a  class=\"button blue\" href=\"https:\/\/www.helloasso.com\/associations\/comite-des-fetes-de-loublande\/evenements\/spectacle-loub-arts-vendredi-6-fevrier-2026\" target=\"_blank\" data-cp-link=\"1\" rel=\"noopener\">Reserver<\/a><\/div> <\/div><div  class=\"col-xs-12 col-sm-4 col-padding\"> <i  class=\"fa icon shadow-large-black aligncenter color1 fa-calendar reverse round large\"><\/i> <div  data-type=\"column\" class=\"\"> <h5  class=\"font-400\">7 F\u00e9vrier 2026<\/h5> <p  class=\"\">Samedi \u2013 20h30<\/p><a  class=\"button blue\" href=\"https:\/\/www.helloasso.com\/associations\/comite-des-fetes-de-loublande\/evenements\/spectacle-loub-arts-samedi-7-fevrier-2026\" target=\"_blank\" data-cp-link=\"1\" rel=\"noopener\">Reserver<\/a><\/div> <\/div><div  class=\"col-xs-12 col-sm-4 col-padding\"> <i  class=\"fa icon shadow-large-black aligncenter color1 fa-calendar reverse round large\"><\/i> <div  data-type=\"column\" class=\"\"> <h5  class=\"font-400\">8 F\u00e9vrier 2026<\/h5> <p  class=\"\">Dimanche \u2013 14h30<\/p><a  class=\"button blue\" href=\"https:\/\/www.helloasso.com\/associations\/comite-des-fetes-de-loublande\/evenements\/spectacle-loub-arts-dimanche-8-fevrier-2026\" target=\"_blank\" data-cp-link=\"1\" rel=\"noopener\">Reserver<\/a><\/div> <\/div><\/div> <\/div><\/div><div  data-label=\"Content\" data-id=\"content--1\" data-export-id=\"content-12\" data-category=\"content\" class=\"content-12 content-section content-section-spacing\" id=\"content-1\" style=\"background-color: rgb(245, 250, 253);\"><div  class=\"gridContainer\"> <div  class=\"row text-center\"><div  class=\"section-title-col\" data-type=\"column\"> <h2  class=\"\">Actualit\u00e9s<\/h2> <p  class=\"lead\">\n<\/p>\n\n\n\n\n\n\n\n\n\n\n\n\n\n<\/div> <\/div> <div  class=\"row center-xs middle-xs\"> <div  class=\"col-sm-9\" data-type=\"column\"> <\/div> <\/div><\/div> <\/div><div  id=\"contact\" style=\"background-color: #ffffff;\" data-label=\"Contact\" data-id=\"contact-1-mc\" data-export-id=\"contact-1-mc\" data-bullets-visibility=\"true\" data-category=\"contact\" class=\"contact-1-mc content-section content-section-spacing white-text\" data-parallax-depth=\"20\"><div  class=\"gridContainer\"> <div  class=\"row text-center\"><div  class=\"section-title-col\" data-type=\"column\">  <h2  class=\"\">Contactez-nous<\/h2><h5  class=\"\">loubarts.loublande@gmail.com\n<\/h5> <p  class=\"lead\">Besoin d\u2019une information ou envie de nous rejoindre, nous serons ravis de vous r\u00e9pondre !<\/p><a  class=\"link\" href=\"https:\/\/www.instagram.com\/les_loubarts\" target=\"_blank\" data-cp-link=\"1\" rel=\"noopener\">Instagram<\/a><a  class=\"link\" href=\"https:\/\/www.facebook.com\" target=\"_blank\" data-cp-link=\"1\" rel=\"noopener\">Facebook<\/a><p  class=\"lead\">\n\n<\/p><br  class=\"\"><span  style=\"font-size: 16.8px;\" class=\"\"><\/span><\/div> <\/div> <div  class=\"row text-center\"> <div  class=\"col-xs-12 col-sm-8 col-sm-offset-2 contact-form-wrapper inline-info\"> <div  class=\"card large-padding\"> <div  class=\"\" data-content-shortcode=\"mesmerize_contact_form shortcode=&quot;Inscrivez votre message ici&quot;\" data-editable=\"true\">[Inscrivez votre message ici]<\/div><\/div> <\/div><\/div> <\/div><\/div>","protected":false},"excerpt":{"rendered":"<p>Bienvenue chez les Loub\u2019Arts ! Depuis 1994, les Loub\u2019Arts illuminent la sc\u00e8ne artistique avec leur \u00e9nergie cr\u00e9ative et leur engagement passionn\u00e9.Fond\u00e9s il y a plus de deux d\u00e9cennies, les Loub\u2019Arts sont n\u00e9s de la passion partag\u00e9e pour l\u2019art sous toutes ses formes. De la musique \u00e0 la com\u00e9die, notre troupe a \u00e9volu\u00e9 pour continuer \u00e0&hellip; <br \/> <a class=\"read-more\" href=\"https:\/\/loubarts.com\/\">Read more<\/a><\/p>\n","protected":false},"author":1,"featured_media":0,"parent":0,"menu_order":0,"comment_status":"closed","ping_status":"closed","template":"page-templates\/homepage.php","meta":{"om_disable_all_campaigns":false,"_monsterinsights_skip_tracking":false,"_monsterinsights_sitenote_active":false,"_monsterinsights_sitenote_note":"","_monsterinsights_sitenote_category":0,"footnotes":""},"class_list":["post-7","page","type-page","status-publish","hentry"],"aioseo_notices":[],"_links":{"self":[{"href":"https:\/\/loubarts.com\/index.php\/wp-json\/wp\/v2\/pages\/7","targetHints":{"allow":["GET"]}}],"collection":[{"href":"https:\/\/loubarts.com\/index.php\/wp-json\/wp\/v2\/pages"}],"about":[{"href":"https:\/\/loubarts.com\/index.php\/wp-json\/wp\/v2\/types\/page"}],"author":[{"embeddable":true,"href":"https:\/\/loubarts.com\/index.php\/wp-json\/wp\/v2\/users\/1"}],"replies":[{"embeddable":true,"href":"https:\/\/loubarts.com\/index.php\/wp-json\/wp\/v2\/comments?post=7"}],"version-history":[{"count":59,"href":"https:\/\/loubarts.com\/index.php\/wp-json\/wp\/v2\/pages\/7\/revisions"}],"predecessor-version":[{"id":192,"href":"https:\/\/loubarts.com\/index.php\/wp-json\/wp\/v2\/pages\/7\/revisions\/192"}],"wp:attachment":[{"href":"https:\/\/loubarts.com\/index.php\/wp-json\/wp\/v2\/media?parent=7"}],"curies":[{"name":"wp","href":"https:\/\/api.w.org\/{rel}","templated":true}]}}